{"id":5036,"date":"2021-07-26T09:01:28","date_gmt":"2021-07-26T07:01:28","guid":{"rendered":"https:\/\/foxhunt.cz\/%d0%bf%d1%80%d0%be%d0%b6%d0%b8%d0%b2%d0%b0%d0%bd%d0%bd%d1%8f-%d0%b2-%d1%87%d0%b5%d1%85%d1%96%d1%97\/"},"modified":"2021-09-21T11:08:35","modified_gmt":"2021-09-21T09:08:35","slug":"%d0%bf%d1%80%d0%be%d0%b6%d0%b8%d0%b2%d0%b0%d0%bd%d0%bd%d1%8f-%d0%b2-%d1%87%d0%b5%d1%85%d1%96%d1%97","status":"publish","type":"page","link":"https:\/\/foxhunt.cz\/uk\/%d0%bf%d1%80%d0%be%d0%b6%d0%b8%d0%b2%d0%b0%d0%bd%d0%bd%d1%8f-%d0%b2-%d1%87%d0%b5%d1%85%d1%96%d1%97\/","title":{"rendered":"\u041f\u0440\u043e\u0436\u0438\u0432\u0430\u043d\u043d\u044f \u0432 \u0427\u0435\u0445\u0456\u0457"},"content":{"rendered":"\t\t<div data-elementor-type=\"wp-page\" data-elementor-id=\"5036\" class=\"elementor elementor-5036\">\n\t\t\t\t\t\t<div class=\"elementor-inner\">\n\t\t\t\t<div class=\"elementor-section-wrap\">\n\t\t\t\t\t\t\t\t\t<section class=\"elementor-section elementor-top-section elementor-element elementor-element-253af9d elementor-section-height-min-height elementor-section-boxed elementor-section-height-default elementor-section-items-middle\" data-id=\"253af9d\" data-element_type=\"section\" data-settings=\"{&quot;background_background&quot;:&quot;classic&quot;}\">\n\t\t\t\t\t\t<div class=\"elementor-container elementor-column-gap-default\">\n\t\t\t\t\t\t\t<div class=\"elementor-row\">\n\t\t\t\t\t<div class=\"elementor-column elementor-col-100 elementor-top-column elementor-element elementor-element-3a75925\" data-id=\"3a75925\" data-element_type=\"column\">\n\t\t\t<div class=\"elementor-column-wrap elementor-element-populated\">\n\t\t\t\t\t\t\t<div class=\"elementor-widget-wrap\">\n\t\t\t\t\t\t<div class=\"elementor-element elementor-element-e907da8 elementor-widget elementor-widget-heading\" data-id=\"e907da8\" data-element_type=\"widget\" data-widget_type=\"heading.default\">\n\t\t\t\t<div class=\"elementor-widget-container\">\n\t\t\t<h2 class=\"elementor-heading-title elementor-size-xxl\">\u0416\u0438\u0442\u0442\u044f \u0432 \u0427\u0435\u0445\u0456\u0457<\/h2>\t\t<\/div>\n\t\t\t\t<\/div>\n\t\t\t\t<div class=\"elementor-element elementor-element-dceffec elementor-widget elementor-widget-heading\" data-id=\"dceffec\" data-element_type=\"widget\" data-widget_type=\"heading.default\">\n\t\t\t\t<div class=\"elementor-widget-container\">\n\t\t\t<h3 class=\"elementor-heading-title elementor-size-xxl\">\u041d\u0430\u0442\u0430\u043b\u044f \u0456 \u0414\u043c\u0438\u0442\u0440\u043e \u0437 \u0411\u0456\u043b\u043e\u0440\u0443\u0441\u0456\n<\/h3>\t\t<\/div>\n\t\t\t\t<\/div>\n\t\t\t\t<div class=\"elementor-element elementor-element-6a44bde elementor-widget elementor-widget-text-editor\" data-id=\"6a44bde\" data-element_type=\"widget\" data-widget_type=\"text-editor.default\">\n\t\t\t\t<div class=\"elementor-widget-container\">\n\t\t\t\t\t\t\t\t<div class=\"elementor-text-editor elementor-clearfix\">\n\t\t\t\t<p>\u041c\u0438 \u043f\u0440\u0438\u0457\u0445\u0430\u043b\u0438 \u0434\u043e \u0427\u0435\u0445\u0456\u0457 4 \u0440\u043e\u043a\u0438 \u0442\u043e\u043c\u0443. \u0421\u043f\u043e\u0447\u0430\u0442\u043a\u0443 \u0431\u0443\u043b\u043e \u0441\u043a\u043b\u0430\u0434\u043d\u043e \u0437\u0440\u043e\u0437\u0443\u043c\u0456\u0442\u0438 \u0447\u0435\u0441\u044c\u043a\u0443, \u0430\u043b\u0435 \u0432\u0441\u0435 \u0442\u0430\u043a\u0438 \u0446\u0435 \u0441\u043b\u043e\u0432&#8217;\u044f\u043d\u0441\u044c\u043a\u0430 \u043c\u043e\u0432\u0430, \u0456 \u0432\u0447\u0438\u0442\u044c\u0441\u044f \u043d\u0430\u0431\u0430\u0433\u0430\u0442\u043e \u0448\u0432\u0438\u0434\u0448\u0435, \u043d\u0456\u0436 \u0456\u043d\u0448\u0456 \u043c\u043e\u0432\u0438. \u041f\u0440\u043e\u043f\u043e\u0437\u0438\u0446i\u0439 \u0440\u043e\u0431\u043e\u0442\u0438 \u0432 \u0427\u0435\u0445\u0456\u0457 \u0431\u0443\u043b\u043e \u043d\u0430\u0431\u0430\u0433\u0430\u0442\u043e \u0431\u0456\u043b\u044c\u0448\u0435, \u043d\u0456\u0436 \u0432 \u0411\u0456\u043b\u043e\u0440\u0443\u0441\u0456, \u0437\u0430\u0440\u043e\u0431\u0456\u0442\u043d\u0430 \u043f\u043b\u0430\u0442\u0430 \u0432 \u0431\u0430\u0433\u0430\u0442\u043e \u0440\u0430\u0437\u0456\u0432 \u0432\u0438\u0449\u0430 \u0456 \u0432 \u0446\u0456\u043b\u043e\u043c\u0443 \u044f\u043a\u0456\u0441\u0442\u044c \u0436\u0438\u0442\u0442\u044f \u0432 \u0427\u0435\u0445\u0456\u0457 \u0432\u0438\u0449\u0430. \u0417\u0430\u0440\u0430\u0437 \u043c\u0438 \u0436\u0438\u0432\u0435\u043c\u043e \u0432 \u043e\u0440\u0435\u043d\u0434\u043e\u0432\u0430\u043d\u0456\u0439 \u043a\u0432\u0430\u0440\u0442\u0438\u0440\u0456, \u0430\u043b\u0435 \u0440\u043e\u0437\u0433\u043b\u044f\u0434\u0430\u03f5\u043c\u043e \u043c\u043e\u0436\u043b\u0438\u0432\u0456\u0441\u0442\u044c \u043a\u0443\u043f\u0438\u0442\u0438 \u0432\u043b\u0430\u0441\u043d\u0435 \u0436\u0438\u0442\u043b\u043e.<\/p>\n\t\t\t\t\t<\/div>\n\t\t\t\t\t\t<\/div>\n\t\t\t\t<\/div>\n\t\t\t\t\t\t<\/div>\n\t\t\t\t\t<\/div>\n\t\t<\/div>\n\t\t\t\t\t\t\t\t<\/div>\n\t\t\t\t\t<\/div>\n\t\t<\/section>\n\t\t\t\t<section class=\"elementor-section elementor-top-section elementor-element elementor-element-ddfa26e elementor-section-boxed elementor-section-height-default elementor-section-height-default\" data-id=\"ddfa26e\" data-element_type=\"section\">\n\t\t\t\t\t\t<div class=\"elementor-container elementor-column-gap-default\">\n\t\t\t\t\t\t\t<div class=\"elementor-row\">\n\t\t\t\t\t<div class=\"elementor-column elementor-col-100 elementor-top-column elementor-element elementor-element-06ecb04\" data-id=\"06ecb04\" data-element_type=\"column\">\n\t\t\t<div class=\"elementor-column-wrap elementor-element-populated\">\n\t\t\t\t\t\t\t<div class=\"elementor-widget-wrap\">\n\t\t\t\t\t\t<div class=\"elementor-element elementor-element-7b30374 elementor-invisible elementor-widget elementor-widget-text-editor\" data-id=\"7b30374\" data-element_type=\"widget\" data-settings=\"{&quot;_animation&quot;:&quot;fadeInUp&quot;}\" data-widget_type=\"text-editor.default\">\n\t\t\t\t<div class=\"elementor-widget-container\">\n\t\t\t\t\t\t\t\t<div class=\"elementor-text-editor elementor-clearfix\">\n\t\t\t\t<h3 class=\"modra\" style=\"text-align: center; font-weight: 300;\"><span style=\"color: #253e91;\">\u0414i\u0437\u043d\u0430\u0442\u0438\u0441\u044c \u0431i\u043b\u044c\u0448\u0435&#8230;<\/span><span>\u00a0\u041d\u0430\u043f\u0438\u0448i\u0442\u044c \u043d\u0430\u043c<\/span><\/h3>\t\t\t\t\t<\/div>\n\t\t\t\t\t\t<\/div>\n\t\t\t\t<\/div>\n\t\t\t\t<div class=\"elementor-element elementor-element-a0824bb elementor-widget elementor-widget-spacer\" data-id=\"a0824bb\" data-element_type=\"widget\" data-widget_type=\"spacer.default\">\n\t\t\t\t<div class=\"elementor-widget-container\">\n\t\t\t\t\t<div class=\"elementor-spacer\">\n\t\t\t<div class=\"elementor-spacer-inner\"><\/div>\n\t\t<\/div>\n\t\t\t\t<\/div>\n\t\t\t\t<\/div>\n\t\t\t\t<div class=\"elementor-element elementor-element-8ed1a4a elementor-invisible elementor-widget elementor-widget-shortcode\" data-id=\"8ed1a4a\" data-element_type=\"widget\" data-settings=\"{&quot;_animation&quot;:&quot;fadeInUp&quot;}\" data-widget_type=\"shortcode.default\">\n\t\t\t\t<div class=\"elementor-widget-container\">\n\t\t\t\t\t<div class=\"elementor-shortcode\"><div role=\"form\" class=\"wpcf7\" id=\"wpcf7-f5159-o1\" lang=\"uk\" dir=\"ltr\">\n<div class=\"screen-reader-response\"><p role=\"status\" aria-live=\"polite\" aria-atomic=\"true\"><\/p> <ul><\/ul><\/div>\n<form action=\"\/uk\/wp-json\/wp\/v2\/pages\/5036#wpcf7-f5159-o1\" method=\"post\" class=\"wpcf7-form init\" novalidate=\"novalidate\" data-status=\"init\">\n<div style=\"display: none;\">\n<input type=\"hidden\" name=\"_wpcf7\" value=\"5159\" \/>\n<input type=\"hidden\" name=\"_wpcf7_version\" value=\"5.5.1\" \/>\n<input type=\"hidden\" name=\"_wpcf7_locale\" value=\"uk\" \/>\n<input type=\"hidden\" name=\"_wpcf7_unit_tag\" value=\"wpcf7-f5159-o1\" \/>\n<input type=\"hidden\" name=\"_wpcf7_container_post\" value=\"0\" \/>\n<input type=\"hidden\" name=\"_wpcf7_posted_data_hash\" value=\"\" \/>\n<\/div>\n<div class=\"contact-form\">\n<div class=\"col-md-4\">\n    <label> \u0412\u0430\u0448\u0435 \u0456\u043c\u2019\u044f <span class=\"wpcf7-form-control-wrap your-name\"><input type=\"text\" name=\"your-name\" value=\"\" size=\"40\" class=\"wpcf7-form-control wpcf7-text wpcf7-validates-as-required\" aria-required=\"true\" aria-invalid=\"false\" \/><\/span> <\/label><br \/>\n    <label> \u043fi\u0434\u043f\u0440\u0438\u03f5\u043c\u0441\u0442\u0432\u043e <span class=\"wpcf7-form-control-wrap text-spolecnost\"><input type=\"text\" name=\"text-spolecnost\" value=\"\" size=\"40\" class=\"wpcf7-form-control wpcf7-text\" aria-invalid=\"false\" \/><\/span> <\/label>\n  <\/div>\n<div class=\"col-md-4\">\n    <label> \u043d\u043e\u043c\u0435\u0440 \u0442\u0435\u043b\u0435\u0444\u043e\u043d\u0430 <span class=\"wpcf7-form-control-wrap text-telefon\"><input type=\"text\" name=\"text-telefon\" value=\"\" size=\"40\" class=\"wpcf7-form-control wpcf7-text wpcf7-validates-as-required\" aria-required=\"true\" aria-invalid=\"false\" \/><\/span> <\/label><br \/>\n    <label> email <span class=\"wpcf7-form-control-wrap your-email\"><input type=\"email\" name=\"your-email\" value=\"\" size=\"40\" class=\"wpcf7-form-control wpcf7-text wpcf7-email wpcf7-validates-as-required wpcf7-validates-as-email\" aria-required=\"true\" aria-invalid=\"false\" \/><\/span> <\/label>\n  <\/div>\n<div class=\"col-md-4\">\n    <label> \u0432\u0430\u0448\u0435 \u043f\u043e\u0432i\u0434\u043e\u043c\u043b\u0435\u043d\u043d\u044f <span class=\"wpcf7-form-control-wrap textarea-zprava\"><textarea name=\"textarea-zprava\" cols=\"40\" rows=\"10\" class=\"wpcf7-form-control wpcf7-textarea wpcf7-validates-as-required\" aria-required=\"true\" aria-invalid=\"false\"><\/textarea><\/span>  <\/label>\n  <\/div>\n<div class=\"col-md-4 posledni\">\n    <label class=\"last-1\"><span class=\"wpcf7-form-control-wrap checkbox\"><span class=\"wpcf7-form-control wpcf7-checkbox wpcf7-validates-as-required\"><span class=\"wpcf7-list-item first last\"><input type=\"checkbox\" name=\"checkbox[]\" value=\"\u042f \u043f\u0440\u0438\u0439\u043c\u0430\u044e \u0443\u043c\u043e\u0432\u0438 \u043e\u0431\u0440\u043e\u0431\u043a\u0438 \u043f\u0435\u0440\u0441\u043e\u043d\u0430\u043b\u044c\u043d\u0438\u0445 \u0434\u0430\u043d\u0438\u0445\" \/><span class=\"wpcf7-list-item-label\">\u042f \u043f\u0440\u0438\u0439\u043c\u0430\u044e \u0443\u043c\u043e\u0432\u0438 \u043e\u0431\u0440\u043e\u0431\u043a\u0438 \u043f\u0435\u0440\u0441\u043e\u043d\u0430\u043b\u044c\u043d\u0438\u0445 \u0434\u0430\u043d\u0438\u0445<\/span><\/span><\/span><\/span><\/label><br \/>\n    <label class=\"last-2\">\u0432i\u0434i\u0441\u043b\u0430\u0442\u0438<input type=\"submit\" value=\"\u0412\u0456\u0434\u043f\u0440\u0430\u0432\u0438\u0442\u0438\" class=\"wpcf7-form-control has-spinner wpcf7-submit\" \/><\/label>\n  <\/div>\n<\/div>\n<div class=\"wpcf7-response-output\" aria-hidden=\"true\"><\/div><\/form><\/div><\/div>\n\t\t\t\t<\/div>\n\t\t\t\t<\/div>\n\t\t\t\t\t\t<\/div>\n\t\t\t\t\t<\/div>\n\t\t<\/div>\n\t\t\t\t\t\t\t\t<\/div>\n\t\t\t\t\t<\/div>\n\t\t<\/section>\n\t\t\t\t\t\t\t\t\t<\/div>\n\t\t\t<\/div>\n\t\t\t\t\t<\/div>\n\t\t","protected":false},"excerpt":{"rendered":"<p>\u0416\u0438\u0442\u0442\u044f \u0432 \u0427\u0435\u0445\u0456\u0457 \u041d\u0430\u0442\u0430\u043b\u044f \u0456 \u0414\u043c\u0438\u0442\u0440\u043e \u0437 \u0411\u0456\u043b\u043e\u0440\u0443\u0441\u0456 \u041c\u0438 \u043f\u0440\u0438\u0457\u0445\u0430\u043b\u0438 \u0434\u043e \u0427\u0435\u0445\u0456\u0457 4 \u0440\u043e\u043a\u0438 \u0442\u043e\u043c\u0443. \u0421\u043f\u043e\u0447\u0430\u0442\u043a\u0443 \u0431\u0443\u043b\u043e \u0441\u043a\u043b\u0430\u0434\u043d\u043e \u0437\u0440\u043e\u0437\u0443\u043c\u0456\u0442\u0438 \u0447\u0435\u0441\u044c\u043a\u0443, \u0430\u043b\u0435 \u0432\u0441\u0435 \u0442\u0430\u043a\u0438 \u0446\u0435 \u0441\u043b\u043e\u0432&#8217;\u044f\u043d\u0441\u044c\u043a\u0430 \u043c\u043e\u0432\u0430, \u0456 \u0432\u0447\u0438\u0442\u044c\u0441\u044f \u043d\u0430\u0431\u0430\u0433\u0430\u0442\u043e \u0448\u0432\u0438\u0434\u0448\u0435, \u043d\u0456\u0436 \u0456\u043d\u0448\u0456 \u043c\u043e\u0432\u0438. \u041f\u0440\u043e\u043f\u043e\u0437\u0438\u0446i\u0439 \u0440\u043e\u0431\u043e\u0442\u0438 \u0432 \u0427\u0435\u0445\u0456\u0457 \u0431\u0443\u043b\u043e \u043d\u0430\u0431\u0430\u0433\u0430\u0442\u043e \u0431\u0456\u043b\u044c\u0448\u0435, \u043d\u0456\u0436 \u0432 \u0411\u0456\u043b\u043e\u0440\u0443\u0441\u0456, \u0437\u0430\u0440\u043e\u0431\u0456\u0442\u043d\u0430 \u043f\u043b\u0430\u0442\u0430 \u0432 \u0431\u0430\u0433\u0430\u0442\u043e \u0440\u0430\u0437\u0456\u0432 \u0432\u0438\u0449\u0430 \u0456 \u0432 \u0446\u0456\u043b\u043e\u043c\u0443 \u044f\u043a\u0456\u0441\u0442\u044c \u0436\u0438\u0442\u0442\u044f \u0432 [&hellip;]<\/p>\n","protected":false},"author":1,"featured_media":0,"parent":0,"menu_order":0,"comment_status":"closed","ping_status":"closed","template":"","meta":{"footnotes":""},"class_list":["post-5036","page","type-page","status-publish","hentry"],"yoast_head":"<!-- This site is optimized with the Yoast SEO plugin v17.4 - https:\/\/yoast.com\/wordpress\/plugins\/seo\/ -->\n<title>\u041f\u0440\u043e\u0436\u0438\u0432\u0430\u043d\u043d\u044f \u0432 \u0427\u0435\u0445\u0456\u0457 - FoxHunt<\/title>\n<meta name=\"robots\" content=\"index, follow, max-snippet:-1, max-image-preview:large, max-video-preview:-1\" \/>\n<link rel=\"canonical\" href=\"https:\/\/foxhunt.cz\/uk\/%d0%bf%d1%80%d0%be%d0%b6%d0%b8%d0%b2%d0%b0%d0%bd%d0%bd%d1%8f-%d0%b2-%d1%87%d0%b5%d1%85%d1%96%d1%97\/\" \/>\n<meta property=\"og:locale\" content=\"uk_UA\" \/>\n<meta property=\"og:type\" content=\"article\" \/>\n<meta property=\"og:title\" content=\"\u041f\u0440\u043e\u0436\u0438\u0432\u0430\u043d\u043d\u044f \u0432 \u0427\u0435\u0445\u0456\u0457 - FoxHunt\" \/>\n<meta property=\"og:description\" content=\"\u0416\u0438\u0442\u0442\u044f \u0432 \u0427\u0435\u0445\u0456\u0457 \u041d\u0430\u0442\u0430\u043b\u044f \u0456 \u0414\u043c\u0438\u0442\u0440\u043e \u0437 \u0411\u0456\u043b\u043e\u0440\u0443\u0441\u0456 \u041c\u0438 \u043f\u0440\u0438\u0457\u0445\u0430\u043b\u0438 \u0434\u043e \u0427\u0435\u0445\u0456\u0457 4 \u0440\u043e\u043a\u0438 \u0442\u043e\u043c\u0443. \u0421\u043f\u043e\u0447\u0430\u0442\u043a\u0443 \u0431\u0443\u043b\u043e \u0441\u043a\u043b\u0430\u0434\u043d\u043e \u0437\u0440\u043e\u0437\u0443\u043c\u0456\u0442\u0438 \u0447\u0435\u0441\u044c\u043a\u0443, \u0430\u043b\u0435 \u0432\u0441\u0435 \u0442\u0430\u043a\u0438 \u0446\u0435 \u0441\u043b\u043e\u0432&#8217;\u044f\u043d\u0441\u044c\u043a\u0430 \u043c\u043e\u0432\u0430, \u0456 \u0432\u0447\u0438\u0442\u044c\u0441\u044f \u043d\u0430\u0431\u0430\u0433\u0430\u0442\u043e \u0448\u0432\u0438\u0434\u0448\u0435, \u043d\u0456\u0436 \u0456\u043d\u0448\u0456 \u043c\u043e\u0432\u0438. \u041f\u0440\u043e\u043f\u043e\u0437\u0438\u0446i\u0439 \u0440\u043e\u0431\u043e\u0442\u0438 \u0432 \u0427\u0435\u0445\u0456\u0457 \u0431\u0443\u043b\u043e \u043d\u0430\u0431\u0430\u0433\u0430\u0442\u043e \u0431\u0456\u043b\u044c\u0448\u0435, \u043d\u0456\u0436 \u0432 \u0411\u0456\u043b\u043e\u0440\u0443\u0441\u0456, \u0437\u0430\u0440\u043e\u0431\u0456\u0442\u043d\u0430 \u043f\u043b\u0430\u0442\u0430 \u0432 \u0431\u0430\u0433\u0430\u0442\u043e \u0440\u0430\u0437\u0456\u0432 \u0432\u0438\u0449\u0430 \u0456 \u0432 \u0446\u0456\u043b\u043e\u043c\u0443 \u044f\u043a\u0456\u0441\u0442\u044c \u0436\u0438\u0442\u0442\u044f \u0432 [&hellip;]\" \/>\n<meta property=\"og:url\" content=\"https:\/\/foxhunt.cz\/uk\/%d0%bf%d1%80%d0%be%d0%b6%d0%b8%d0%b2%d0%b0%d0%bd%d0%bd%d1%8f-%d0%b2-%d1%87%d0%b5%d1%85%d1%96%d1%97\/\" \/>\n<meta property=\"og:site_name\" content=\"FoxHunt\" \/>\n<meta property=\"article:modified_time\" content=\"2021-09-21T09:08:35+00:00\" \/>\n<meta name=\"twitter:card\" content=\"summary_large_image\" \/>\n<meta name=\"twitter:label1\" content=\"\u041f\u0440\u0438\u0431\u043b. \u0447\u0430\u0441 \u0447\u0438\u0442\u0430\u043d\u043d\u044f\" \/>\n\t<meta name=\"twitter:data1\" content=\"1 \u0445\u0432\u0438\u043b\u0438\u043d\u0430\" \/>\n<script type=\"application\/ld+json\" class=\"yoast-schema-graph\">{\"@context\":\"https:\/\/schema.org\",\"@graph\":[{\"@type\":\"WebSite\",\"@id\":\"https:\/\/foxhunt.cz\/uk\/#website\",\"url\":\"https:\/\/foxhunt.cz\/uk\/\",\"name\":\"FoxHunt\",\"description\":\"N\\u00e1bor zam\\u011bstnanc\\u016f z ciziny\",\"potentialAction\":[{\"@type\":\"SearchAction\",\"target\":{\"@type\":\"EntryPoint\",\"urlTemplate\":\"https:\/\/foxhunt.cz\/uk\/?s={search_term_string}\"},\"query-input\":\"required name=search_term_string\"}],\"inLanguage\":\"uk\"},{\"@type\":\"WebPage\",\"@id\":\"https:\/\/foxhunt.cz\/uk\/%d0%bf%d1%80%d0%be%d0%b6%d0%b8%d0%b2%d0%b0%d0%bd%d0%bd%d1%8f-%d0%b2-%d1%87%d0%b5%d1%85%d1%96%d1%97\/#webpage\",\"url\":\"https:\/\/foxhunt.cz\/uk\/%d0%bf%d1%80%d0%be%d0%b6%d0%b8%d0%b2%d0%b0%d0%bd%d0%bd%d1%8f-%d0%b2-%d1%87%d0%b5%d1%85%d1%96%d1%97\/\",\"name\":\"\\u041f\\u0440\\u043e\\u0436\\u0438\\u0432\\u0430\\u043d\\u043d\\u044f \\u0432 \\u0427\\u0435\\u0445\\u0456\\u0457 - FoxHunt\",\"isPartOf\":{\"@id\":\"https:\/\/foxhunt.cz\/uk\/#website\"},\"datePublished\":\"2021-07-26T07:01:28+00:00\",\"dateModified\":\"2021-09-21T09:08:35+00:00\",\"breadcrumb\":{\"@id\":\"https:\/\/foxhunt.cz\/uk\/%d0%bf%d1%80%d0%be%d0%b6%d0%b8%d0%b2%d0%b0%d0%bd%d0%bd%d1%8f-%d0%b2-%d1%87%d0%b5%d1%85%d1%96%d1%97\/#breadcrumb\"},\"inLanguage\":\"uk\",\"potentialAction\":[{\"@type\":\"ReadAction\",\"target\":[\"https:\/\/foxhunt.cz\/uk\/%d0%bf%d1%80%d0%be%d0%b6%d0%b8%d0%b2%d0%b0%d0%bd%d0%bd%d1%8f-%d0%b2-%d1%87%d0%b5%d1%85%d1%96%d1%97\/\"]}]},{\"@type\":\"BreadcrumbList\",\"@id\":\"https:\/\/foxhunt.cz\/uk\/%d0%bf%d1%80%d0%be%d0%b6%d0%b8%d0%b2%d0%b0%d0%bd%d0%bd%d1%8f-%d0%b2-%d1%87%d0%b5%d1%85%d1%96%d1%97\/#breadcrumb\",\"itemListElement\":[{\"@type\":\"ListItem\",\"position\":1,\"name\":\"Dom\\u016f\",\"item\":\"https:\/\/foxhunt.cz\/uk\/\"},{\"@type\":\"ListItem\",\"position\":2,\"name\":\"\\u041f\\u0440\\u043e\\u0436\\u0438\\u0432\\u0430\\u043d\\u043d\\u044f \\u0432 \\u0427\\u0435\\u0445\\u0456\\u0457\"}]}]}<\/script>\n<!-- \/ Yoast SEO plugin. -->","yoast_head_json":{"title":"\u041f\u0440\u043e\u0436\u0438\u0432\u0430\u043d\u043d\u044f \u0432 \u0427\u0435\u0445\u0456\u0457 - FoxHunt","robots":{"index":"index","follow":"follow","max-snippet":"max-snippet:-1","max-image-preview":"max-image-preview:large","max-video-preview":"max-video-preview:-1"},"canonical":"https:\/\/foxhunt.cz\/uk\/%d0%bf%d1%80%d0%be%d0%b6%d0%b8%d0%b2%d0%b0%d0%bd%d0%bd%d1%8f-%d0%b2-%d1%87%d0%b5%d1%85%d1%96%d1%97\/","og_locale":"uk_UA","og_type":"article","og_title":"\u041f\u0440\u043e\u0436\u0438\u0432\u0430\u043d\u043d\u044f \u0432 \u0427\u0435\u0445\u0456\u0457 - FoxHunt","og_description":"\u0416\u0438\u0442\u0442\u044f \u0432 \u0427\u0435\u0445\u0456\u0457 \u041d\u0430\u0442\u0430\u043b\u044f \u0456 \u0414\u043c\u0438\u0442\u0440\u043e \u0437 \u0411\u0456\u043b\u043e\u0440\u0443\u0441\u0456 \u041c\u0438 \u043f\u0440\u0438\u0457\u0445\u0430\u043b\u0438 \u0434\u043e \u0427\u0435\u0445\u0456\u0457 4 \u0440\u043e\u043a\u0438 \u0442\u043e\u043c\u0443. \u0421\u043f\u043e\u0447\u0430\u0442\u043a\u0443 \u0431\u0443\u043b\u043e \u0441\u043a\u043b\u0430\u0434\u043d\u043e \u0437\u0440\u043e\u0437\u0443\u043c\u0456\u0442\u0438 \u0447\u0435\u0441\u044c\u043a\u0443, \u0430\u043b\u0435 \u0432\u0441\u0435 \u0442\u0430\u043a\u0438 \u0446\u0435 \u0441\u043b\u043e\u0432&#8217;\u044f\u043d\u0441\u044c\u043a\u0430 \u043c\u043e\u0432\u0430, \u0456 \u0432\u0447\u0438\u0442\u044c\u0441\u044f \u043d\u0430\u0431\u0430\u0433\u0430\u0442\u043e \u0448\u0432\u0438\u0434\u0448\u0435, \u043d\u0456\u0436 \u0456\u043d\u0448\u0456 \u043c\u043e\u0432\u0438. \u041f\u0440\u043e\u043f\u043e\u0437\u0438\u0446i\u0439 \u0440\u043e\u0431\u043e\u0442\u0438 \u0432 \u0427\u0435\u0445\u0456\u0457 \u0431\u0443\u043b\u043e \u043d\u0430\u0431\u0430\u0433\u0430\u0442\u043e \u0431\u0456\u043b\u044c\u0448\u0435, \u043d\u0456\u0436 \u0432 \u0411\u0456\u043b\u043e\u0440\u0443\u0441\u0456, \u0437\u0430\u0440\u043e\u0431\u0456\u0442\u043d\u0430 \u043f\u043b\u0430\u0442\u0430 \u0432 \u0431\u0430\u0433\u0430\u0442\u043e \u0440\u0430\u0437\u0456\u0432 \u0432\u0438\u0449\u0430 \u0456 \u0432 \u0446\u0456\u043b\u043e\u043c\u0443 \u044f\u043a\u0456\u0441\u0442\u044c \u0436\u0438\u0442\u0442\u044f \u0432 [&hellip;]","og_url":"https:\/\/foxhunt.cz\/uk\/%d0%bf%d1%80%d0%be%d0%b6%d0%b8%d0%b2%d0%b0%d0%bd%d0%bd%d1%8f-%d0%b2-%d1%87%d0%b5%d1%85%d1%96%d1%97\/","og_site_name":"FoxHunt","article_modified_time":"2021-09-21T09:08:35+00:00","twitter_card":"summary_large_image","twitter_misc":{"\u041f\u0440\u0438\u0431\u043b. \u0447\u0430\u0441 \u0447\u0438\u0442\u0430\u043d\u043d\u044f":"1 \u0445\u0432\u0438\u043b\u0438\u043d\u0430"},"schema":{"@context":"https:\/\/schema.org","@graph":[{"@type":"WebSite","@id":"https:\/\/foxhunt.cz\/uk\/#website","url":"https:\/\/foxhunt.cz\/uk\/","name":"FoxHunt","description":"N\u00e1bor zam\u011bstnanc\u016f z ciziny","potentialAction":[{"@type":"SearchAction","target":{"@type":"EntryPoint","urlTemplate":"https:\/\/foxhunt.cz\/uk\/?s={search_term_string}"},"query-input":"required name=search_term_string"}],"inLanguage":"uk"},{"@type":"WebPage","@id":"https:\/\/foxhunt.cz\/uk\/%d0%bf%d1%80%d0%be%d0%b6%d0%b8%d0%b2%d0%b0%d0%bd%d0%bd%d1%8f-%d0%b2-%d1%87%d0%b5%d1%85%d1%96%d1%97\/#webpage","url":"https:\/\/foxhunt.cz\/uk\/%d0%bf%d1%80%d0%be%d0%b6%d0%b8%d0%b2%d0%b0%d0%bd%d0%bd%d1%8f-%d0%b2-%d1%87%d0%b5%d1%85%d1%96%d1%97\/","name":"\u041f\u0440\u043e\u0436\u0438\u0432\u0430\u043d\u043d\u044f \u0432 \u0427\u0435\u0445\u0456\u0457 - FoxHunt","isPartOf":{"@id":"https:\/\/foxhunt.cz\/uk\/#website"},"datePublished":"2021-07-26T07:01:28+00:00","dateModified":"2021-09-21T09:08:35+00:00","breadcrumb":{"@id":"https:\/\/foxhunt.cz\/uk\/%d0%bf%d1%80%d0%be%d0%b6%d0%b8%d0%b2%d0%b0%d0%bd%d0%bd%d1%8f-%d0%b2-%d1%87%d0%b5%d1%85%d1%96%d1%97\/#breadcrumb"},"inLanguage":"uk","potentialAction":[{"@type":"ReadAction","target":["https:\/\/foxhunt.cz\/uk\/%d0%bf%d1%80%d0%be%d0%b6%d0%b8%d0%b2%d0%b0%d0%bd%d0%bd%d1%8f-%d0%b2-%d1%87%d0%b5%d1%85%d1%96%d1%97\/"]}]},{"@type":"BreadcrumbList","@id":"https:\/\/foxhunt.cz\/uk\/%d0%bf%d1%80%d0%be%d0%b6%d0%b8%d0%b2%d0%b0%d0%bd%d0%bd%d1%8f-%d0%b2-%d1%87%d0%b5%d1%85%d1%96%d1%97\/#breadcrumb","itemListElement":[{"@type":"ListItem","position":1,"name":"Dom\u016f","item":"https:\/\/foxhunt.cz\/uk\/"},{"@type":"ListItem","position":2,"name":"\u041f\u0440\u043e\u0436\u0438\u0432\u0430\u043d\u043d\u044f \u0432 \u0427\u0435\u0445\u0456\u0457"}]}]}},"_links":{"self":[{"href":"https:\/\/foxhunt.cz\/uk\/wp-json\/wp\/v2\/pages\/5036","targetHints":{"allow":["GET"]}}],"collection":[{"href":"https:\/\/foxhunt.cz\/uk\/wp-json\/wp\/v2\/pages"}],"about":[{"href":"https:\/\/foxhunt.cz\/uk\/wp-json\/wp\/v2\/types\/page"}],"author":[{"embeddable":true,"href":"https:\/\/foxhunt.cz\/uk\/wp-json\/wp\/v2\/users\/1"}],"replies":[{"embeddable":true,"href":"https:\/\/foxhunt.cz\/uk\/wp-json\/wp\/v2\/comments?post=5036"}],"version-history":[{"count":6,"href":"https:\/\/foxhunt.cz\/uk\/wp-json\/wp\/v2\/pages\/5036\/revisions"}],"predecessor-version":[{"id":6345,"href":"https:\/\/foxhunt.cz\/uk\/wp-json\/wp\/v2\/pages\/5036\/revisions\/6345"}],"wp:attachment":[{"href":"https:\/\/foxhunt.cz\/uk\/wp-json\/wp\/v2\/media?parent=5036"}],"curies":[{"name":"wp","href":"https:\/\/api.w.org\/{rel}","templated":true}]}}