{"id":6774,"date":"2021-09-30T09:45:09","date_gmt":"2021-09-30T07:45:09","guid":{"rendered":"https:\/\/foxhunt.cz\/pro-uchazece-poptavka-uk\/"},"modified":"2021-09-30T09:45:10","modified_gmt":"2021-09-30T07:45:10","slug":"pro-uchazece-poptavka-uk","status":"publish","type":"page","link":"https:\/\/foxhunt.cz\/uk\/pro-uchazece-poptavka-uk\/","title":{"rendered":"Pro uchaze\u010de &#8211; popt\u00e1vka &#8211; UK"},"content":{"rendered":"\t\t<div data-elementor-type=\"wp-page\" data-elementor-id=\"6774\" class=\"elementor elementor-6774\">\n\t\t\t\t\t\t<div class=\"elementor-inner\">\n\t\t\t\t<div class=\"elementor-section-wrap\">\n\t\t\t\t\t\t\t\t\t<section class=\"elementor-section elementor-top-section elementor-element elementor-element-0b20b47 elementor-section-boxed elementor-section-height-default elementor-section-height-default\" data-id=\"0b20b47\" data-element_type=\"section\" data-settings=\"{&quot;background_background&quot;:&quot;classic&quot;}\">\n\t\t\t\t\t\t<div class=\"elementor-container elementor-column-gap-default\">\n\t\t\t\t\t\t\t<div class=\"elementor-row\">\n\t\t\t\t\t<div class=\"elementor-column elementor-col-100 elementor-top-column elementor-element elementor-element-0f44995\" data-id=\"0f44995\" data-element_type=\"column\">\n\t\t\t<div class=\"elementor-column-wrap elementor-element-populated\">\n\t\t\t\t\t\t\t<div class=\"elementor-widget-wrap\">\n\t\t\t\t\t\t<section class=\"elementor-section elementor-inner-section elementor-element elementor-element-6b07af2 elementor-section-boxed elementor-section-height-default elementor-section-height-default\" data-id=\"6b07af2\" data-element_type=\"section\">\n\t\t\t\t\t\t<div class=\"elementor-container elementor-column-gap-default\">\n\t\t\t\t\t\t\t<div class=\"elementor-row\">\n\t\t\t\t\t<div class=\"elementor-column elementor-col-50 elementor-inner-column elementor-element elementor-element-71a2151\" data-id=\"71a2151\" data-element_type=\"column\" data-settings=\"{&quot;background_background&quot;:&quot;classic&quot;}\">\n\t\t\t<div class=\"elementor-column-wrap elementor-element-populated\">\n\t\t\t\t\t\t\t<div class=\"elementor-widget-wrap\">\n\t\t\t\t\t\t<div class=\"elementor-element elementor-element-e9246f4 elementor-widget elementor-widget-heading\" data-id=\"e9246f4\" data-element_type=\"widget\" data-widget_type=\"heading.default\">\n\t\t\t\t<div class=\"elementor-widget-container\">\n\t\t\t<h2 class=\"elementor-heading-title elementor-size-default\">\u041d\u0430\u043f\u0438\u0448i\u0442\u044c \u043d\u0430\u043c<\/h2>\t\t<\/div>\n\t\t\t\t<\/div>\n\t\t\t\t\t\t<\/div>\n\t\t\t\t\t<\/div>\n\t\t<\/div>\n\t\t\t\t<div class=\"elementor-column elementor-col-50 elementor-inner-column elementor-element elementor-element-b0cc695\" data-id=\"b0cc695\" data-element_type=\"column\">\n\t\t\t<div class=\"elementor-column-wrap\">\n\t\t\t\t\t\t\t<div class=\"elementor-widget-wrap\">\n\t\t\t\t\t\t\t\t<\/div>\n\t\t\t\t\t<\/div>\n\t\t<\/div>\n\t\t\t\t\t\t\t\t<\/div>\n\t\t\t\t\t<\/div>\n\t\t<\/section>\n\t\t\t\t\t\t<\/div>\n\t\t\t\t\t<\/div>\n\t\t<\/div>\n\t\t\t\t\t\t\t\t<\/div>\n\t\t\t\t\t<\/div>\n\t\t<\/section>\n\t\t\t\t<section class=\"elementor-section elementor-top-section elementor-element elementor-element-a37f9e3 elementor-section-boxed elementor-section-height-default elementor-section-height-default\" data-id=\"a37f9e3\" data-element_type=\"section\">\n\t\t\t\t\t\t<div class=\"elementor-container elementor-column-gap-default\">\n\t\t\t\t\t\t\t<div class=\"elementor-row\">\n\t\t\t\t\t<div class=\"elementor-column elementor-col-100 elementor-top-column elementor-element elementor-element-aa30592\" data-id=\"aa30592\" data-element_type=\"column\">\n\t\t\t<div class=\"elementor-column-wrap elementor-element-populated\">\n\t\t\t\t\t\t\t<div class=\"elementor-widget-wrap\">\n\t\t\t\t\t\t<div class=\"elementor-element elementor-element-a5f7a55 elementor-widget elementor-widget-html\" data-id=\"a5f7a55\" data-element_type=\"widget\" data-widget_type=\"html.default\">\n\t\t\t\t<div class=\"elementor-widget-container\">\n\t\t\t<div role=\"form\" class=\"wpcf7\" id=\"wpcf7-f6646-o1\" lang=\"uk\" dir=\"ltr\">\n<div class=\"screen-reader-response\"><p role=\"status\" aria-live=\"polite\" aria-atomic=\"true\"><\/p> <ul><\/ul><\/div>\n<form action=\"\/uk\/wp-json\/wp\/v2\/pages\/6774#wpcf7-f6646-o1\" method=\"post\" class=\"wpcf7-form init\" novalidate=\"novalidate\" data-status=\"init\">\n<div style=\"display: none;\">\n<input type=\"hidden\" name=\"_wpcf7\" value=\"6646\" \/>\n<input type=\"hidden\" name=\"_wpcf7_version\" value=\"5.5.1\" \/>\n<input type=\"hidden\" name=\"_wpcf7_locale\" value=\"uk\" \/>\n<input type=\"hidden\" name=\"_wpcf7_unit_tag\" value=\"wpcf7-f6646-o1\" \/>\n<input type=\"hidden\" name=\"_wpcf7_container_post\" value=\"0\" \/>\n<input type=\"hidden\" name=\"_wpcf7_posted_data_hash\" value=\"\" \/>\n<\/div>\n<div class=\"contact-form\">\n<div class=\"col-md-5\">\n    <label> \u0412\u0430\u0448\u0435 \u0456\u043c\u2019\u044f <span class=\"wpcf7-form-control-wrap your-name\"><input type=\"text\" name=\"your-name\" value=\"\" size=\"40\" class=\"wpcf7-form-control wpcf7-text wpcf7-validates-as-required\" aria-required=\"true\" aria-invalid=\"false\" \/><\/span> <\/label><br \/>\n    <label> \u043a\u0440\u0430\u0457\u043d\u0430 <span class=\"wpcf7-form-control-wrap text-spolecnost\"><input type=\"text\" name=\"text-spolecnost\" value=\"\" size=\"40\" class=\"wpcf7-form-control wpcf7-text wpcf7-validates-as-required\" aria-required=\"true\" aria-invalid=\"false\" \/><\/span> <\/label><br \/>\n    <label> \u043d\u043e\u043c\u0435\u0440 \u0442\u0435\u043b\u0435\u0444\u043e\u043d\u0430<span class=\"wpcf7-form-control-wrap text-telefon\"><input type=\"text\" name=\"text-telefon\" value=\"\" size=\"40\" class=\"wpcf7-form-control wpcf7-text wpcf7-validates-as-required\" aria-required=\"true\" aria-invalid=\"false\" \/><\/span> <\/label><br \/>\n    <label> Email <span class=\"wpcf7-form-control-wrap your-email\"><input type=\"email\" name=\"your-email\" value=\"\" size=\"40\" class=\"wpcf7-form-control wpcf7-text wpcf7-email wpcf7-validates-as-required wpcf7-validates-as-email\" aria-required=\"true\" aria-invalid=\"false\" \/><\/span> <\/label>\n  <\/div>\n<div class=\"col-md-5\">\n    <label> \u0412\u0430\u0441 \u0446i\u043a\u0430\u0432\u0438\u0442\u044c <span class=\"wpcf7-form-control-wrap textarea-profese\"><textarea name=\"textarea-profese\" cols=\"40\" rows=\"10\" class=\"wpcf7-form-control wpcf7-textarea wpcf7-validates-as-required\" aria-required=\"true\" aria-invalid=\"false\"><\/textarea><\/span>  <\/label><br \/>\n    <label> \u0432\u0430\u0448\u0435 \u043f\u043e\u0432i\u0434\u043e\u043c\u043b\u0435\u043d\u043d\u044f <span class=\"wpcf7-form-control-wrap textarea-zprava\"><textarea name=\"textarea-zprava\" cols=\"40\" rows=\"10\" class=\"wpcf7-form-control wpcf7-textarea wpcf7-validates-as-required\" aria-required=\"true\" aria-invalid=\"false\"><\/textarea><\/span>  <\/label>\n  <\/div>\n<div class=\"col-md-5 pposledniii\">\n    <label class=\"last-1\"><span class=\"wpcf7-form-control-wrap checkbox\"><span class=\"wpcf7-form-control wpcf7-checkbox wpcf7-validates-as-required\"><span class=\"wpcf7-list-item first last\"><input type=\"checkbox\" name=\"checkbox[]\" value=\"\u042f \u043f\u0440\u0438\u0439\u043c\u0430\u044e \u0443\u043c\u043e\u0432\u0438 \u043e\u0431\u0440\u043e\u0431\u043a\u0438 \u043f\u0435\u0440\u0441\u043e\u043d\u0430\u043b\u044c\u043d\u0438\u0445 \u0434\u0430\u043d\u0438\u0445\" \/><span class=\"wpcf7-list-item-label\">\u042f \u043f\u0440\u0438\u0439\u043c\u0430\u044e \u0443\u043c\u043e\u0432\u0438 \u043e\u0431\u0440\u043e\u0431\u043a\u0438 \u043f\u0435\u0440\u0441\u043e\u043d\u0430\u043b\u044c\u043d\u0438\u0445 \u0434\u0430\u043d\u0438\u0445<\/span><\/span><\/span><\/span><\/label><br \/>\n    <label class=\"last-2\"> \u0432i\u0434i\u0441\u043b\u0430\u0442\u0438<input type=\"submit\" value=\"\u0412\u0456\u0434\u043f\u0440\u0430\u0432\u0438\u0442\u0438\" class=\"wpcf7-form-control has-spinner wpcf7-submit\" \/><\/label>\n  <\/div>\n<\/div>\n<div class=\"wpcf7-response-output\" aria-hidden=\"true\"><\/div><\/form><\/div>\t\t<\/div>\n\t\t\t\t<\/div>\n\t\t\t\t\t\t<\/div>\n\t\t\t\t\t<\/div>\n\t\t<\/div>\n\t\t\t\t\t\t\t\t<\/div>\n\t\t\t\t\t<\/div>\n\t\t<\/section>\n\t\t\t\t\t\t\t\t\t<\/div>\n\t\t\t<\/div>\n\t\t\t\t\t<\/div>\n\t\t","protected":false},"excerpt":{"rendered":"<p>\u041d\u0430\u043f\u0438\u0448i\u0442\u044c \u043d\u0430\u043c<\/p>\n","protected":false},"author":1,"featured_media":0,"parent":0,"menu_order":0,"comment_status":"closed","ping_status":"closed","template":"","meta":{"footnotes":""},"class_list":["post-6774","page","type-page","status-publish","hentry"],"yoast_head":"<!-- This site is optimized with the Yoast SEO plugin v17.4 - https:\/\/yoast.com\/wordpress\/plugins\/seo\/ -->\n<title>Pro uchaze\u010de - popt\u00e1vka - UK - FoxHunt<\/title>\n<meta name=\"robots\" content=\"index, follow, max-snippet:-1, max-image-preview:large, max-video-preview:-1\" \/>\n<link rel=\"canonical\" href=\"https:\/\/foxhunt.cz\/uk\/pro-uchazece-poptavka-uk\/\" \/>\n<meta property=\"og:locale\" content=\"uk_UA\" \/>\n<meta property=\"og:type\" content=\"article\" \/>\n<meta property=\"og:title\" content=\"Pro uchaze\u010de - popt\u00e1vka - UK - FoxHunt\" \/>\n<meta property=\"og:description\" content=\"\u041d\u0430\u043f\u0438\u0448i\u0442\u044c \u043d\u0430\u043c\" \/>\n<meta property=\"og:url\" content=\"https:\/\/foxhunt.cz\/uk\/pro-uchazece-poptavka-uk\/\" \/>\n<meta property=\"og:site_name\" content=\"FoxHunt\" \/>\n<meta property=\"article:modified_time\" content=\"2021-09-30T07:45:10+00:00\" \/>\n<meta name=\"twitter:card\" content=\"summary_large_image\" \/>\n<script type=\"application\/ld+json\" class=\"yoast-schema-graph\">{\"@context\":\"https:\/\/schema.org\",\"@graph\":[{\"@type\":\"WebSite\",\"@id\":\"https:\/\/foxhunt.cz\/uk\/#website\",\"url\":\"https:\/\/foxhunt.cz\/uk\/\",\"name\":\"FoxHunt\",\"description\":\"N\\u00e1bor zam\\u011bstnanc\\u016f z ciziny\",\"potentialAction\":[{\"@type\":\"SearchAction\",\"target\":{\"@type\":\"EntryPoint\",\"urlTemplate\":\"https:\/\/foxhunt.cz\/uk\/?s={search_term_string}\"},\"query-input\":\"required name=search_term_string\"}],\"inLanguage\":\"uk\"},{\"@type\":\"WebPage\",\"@id\":\"https:\/\/foxhunt.cz\/uk\/pro-uchazece-poptavka-uk\/#webpage\",\"url\":\"https:\/\/foxhunt.cz\/uk\/pro-uchazece-poptavka-uk\/\",\"name\":\"Pro uchaze\\u010de - popt\\u00e1vka - UK - FoxHunt\",\"isPartOf\":{\"@id\":\"https:\/\/foxhunt.cz\/uk\/#website\"},\"datePublished\":\"2021-09-30T07:45:09+00:00\",\"dateModified\":\"2021-09-30T07:45:10+00:00\",\"breadcrumb\":{\"@id\":\"https:\/\/foxhunt.cz\/uk\/pro-uchazece-poptavka-uk\/#breadcrumb\"},\"inLanguage\":\"uk\",\"potentialAction\":[{\"@type\":\"ReadAction\",\"target\":[\"https:\/\/foxhunt.cz\/uk\/pro-uchazece-poptavka-uk\/\"]}]},{\"@type\":\"BreadcrumbList\",\"@id\":\"https:\/\/foxhunt.cz\/uk\/pro-uchazece-poptavka-uk\/#breadcrumb\",\"itemListElement\":[{\"@type\":\"ListItem\",\"position\":1,\"name\":\"Dom\\u016f\",\"item\":\"https:\/\/foxhunt.cz\/uk\/\"},{\"@type\":\"ListItem\",\"position\":2,\"name\":\"Pro uchaze\\u010de &#8211; popt\\u00e1vka &#8211; UK\"}]}]}<\/script>\n<!-- \/ Yoast SEO plugin. -->","yoast_head_json":{"title":"Pro uchaze\u010de - popt\u00e1vka - UK - FoxHunt","robots":{"index":"index","follow":"follow","max-snippet":"max-snippet:-1","max-image-preview":"max-image-preview:large","max-video-preview":"max-video-preview:-1"},"canonical":"https:\/\/foxhunt.cz\/uk\/pro-uchazece-poptavka-uk\/","og_locale":"uk_UA","og_type":"article","og_title":"Pro uchaze\u010de - popt\u00e1vka - UK - FoxHunt","og_description":"\u041d\u0430\u043f\u0438\u0448i\u0442\u044c \u043d\u0430\u043c","og_url":"https:\/\/foxhunt.cz\/uk\/pro-uchazece-poptavka-uk\/","og_site_name":"FoxHunt","article_modified_time":"2021-09-30T07:45:10+00:00","twitter_card":"summary_large_image","schema":{"@context":"https:\/\/schema.org","@graph":[{"@type":"WebSite","@id":"https:\/\/foxhunt.cz\/uk\/#website","url":"https:\/\/foxhunt.cz\/uk\/","name":"FoxHunt","description":"N\u00e1bor zam\u011bstnanc\u016f z ciziny","potentialAction":[{"@type":"SearchAction","target":{"@type":"EntryPoint","urlTemplate":"https:\/\/foxhunt.cz\/uk\/?s={search_term_string}"},"query-input":"required name=search_term_string"}],"inLanguage":"uk"},{"@type":"WebPage","@id":"https:\/\/foxhunt.cz\/uk\/pro-uchazece-poptavka-uk\/#webpage","url":"https:\/\/foxhunt.cz\/uk\/pro-uchazece-poptavka-uk\/","name":"Pro uchaze\u010de - popt\u00e1vka - UK - FoxHunt","isPartOf":{"@id":"https:\/\/foxhunt.cz\/uk\/#website"},"datePublished":"2021-09-30T07:45:09+00:00","dateModified":"2021-09-30T07:45:10+00:00","breadcrumb":{"@id":"https:\/\/foxhunt.cz\/uk\/pro-uchazece-poptavka-uk\/#breadcrumb"},"inLanguage":"uk","potentialAction":[{"@type":"ReadAction","target":["https:\/\/foxhunt.cz\/uk\/pro-uchazece-poptavka-uk\/"]}]},{"@type":"BreadcrumbList","@id":"https:\/\/foxhunt.cz\/uk\/pro-uchazece-poptavka-uk\/#breadcrumb","itemListElement":[{"@type":"ListItem","position":1,"name":"Dom\u016f","item":"https:\/\/foxhunt.cz\/uk\/"},{"@type":"ListItem","position":2,"name":"Pro uchaze\u010de &#8211; popt\u00e1vka &#8211; UK"}]}]}},"_links":{"self":[{"href":"https:\/\/foxhunt.cz\/uk\/wp-json\/wp\/v2\/pages\/6774","targetHints":{"allow":["GET"]}}],"collection":[{"href":"https:\/\/foxhunt.cz\/uk\/wp-json\/wp\/v2\/pages"}],"about":[{"href":"https:\/\/foxhunt.cz\/uk\/wp-json\/wp\/v2\/types\/page"}],"author":[{"embeddable":true,"href":"https:\/\/foxhunt.cz\/uk\/wp-json\/wp\/v2\/users\/1"}],"replies":[{"embeddable":true,"href":"https:\/\/foxhunt.cz\/uk\/wp-json\/wp\/v2\/comments?post=6774"}],"version-history":[{"count":1,"href":"https:\/\/foxhunt.cz\/uk\/wp-json\/wp\/v2\/pages\/6774\/revisions"}],"predecessor-version":[{"id":6775,"href":"https:\/\/foxhunt.cz\/uk\/wp-json\/wp\/v2\/pages\/6774\/revisions\/6775"}],"wp:attachment":[{"href":"https:\/\/foxhunt.cz\/uk\/wp-json\/wp\/v2\/media?parent=6774"}],"curies":[{"name":"wp","href":"https:\/\/api.w.org\/{rel}","templated":true}]}}